{"id":267,"date":"2026-01-04T14:50:34","date_gmt":"2026-01-04T13:50:34","guid":{"rendered":"https:\/\/conceptdomotique.be\/?page_id=267"},"modified":"2026-01-04T14:54:58","modified_gmt":"2026-01-04T13:54:58","slug":"a-propos","status":"publish","type":"page","link":"https:\/\/conceptdomotique.be\/index.php\/a-propos\/","title":{"rendered":"A Propos"},"content":{"rendered":"\t\t<div data-elementor-type=\"wp-page\" data-elementor-id=\"267\" class=\"elementor elementor-267\" data-elementor-post-type=\"page\">\n\t\t\t\t<div class=\"elementor-element elementor-element-50c145f e-flex e-con-boxed e-con e-parent\" data-id=\"50c145f\" data-element_type=\"container\" data-e-type=\"container\">\n\t\t\t\t\t<div class=\"e-con-inner\">\n\t\t\t\t<div class=\"elementor-element elementor-element-6a6e61a elementor-widget elementor-widget-text-editor\" data-id=\"6a6e61a\" data-element_type=\"widget\" data-e-type=\"widget\" data-widget_type=\"text-editor.default\">\n\t\t\t\t\t\t\t\t\t<h2 data-start=\"181\" data-end=\"237\">\u00c0 propos de <strong data-start=\"196\" data-end=\"237\"><span class=\"hover:entity-accent entity-underline inline cursor-pointer align-baseline\"><span class=\"whitespace-normal\">ConceptDomotique<\/span><\/span><\/strong><\/h2><div class=\"no-scrollbar flex min-h-36 flex-nowrap gap-0.5 overflow-auto sm:gap-1 sm:overflow-hidden xl:min-h-44 mt-1 mb-5 [&amp;:not(:first-child)]:mt-4\"><div class=\"border-token-border-default relative w-32 shrink-0 overflow-hidden rounded-xl border-[0.5px] md:shrink max-h-64 sm:w-[calc((100%-0.5rem)\/3)] rounded-s-xl\"><div><img fetchpriority=\"high\" decoding=\"async\" class=\"bg-token-main-surface-tertiary absolute inset-0 m-0 h-full w-full object-cover\" src=\"https:\/\/www.astralsecurite.ca\/blogue\/wp-content\/uploads\/2023\/05\/Astral-01-H1-Quest-ce-quune-maison-connectee-et-intelligente-en-2023-min.jpg\" alt=\"https:\/\/www.astralsecurite.ca\/blogue\/wp-content\/uploads\/2023\/05\/Astral-01-H1-Quest-ce-quune-maison-connectee-et-intelligente-en-2023-min.jpg\" width=\"401\" height=\"240\" \/><img decoding=\"async\" class=\"bg-token-main-surface-tertiary absolute inset-0 m-0 h-full w-full object-cover\" style=\"font-style: inherit;\" src=\"https:\/\/www.logicall.fr\/wp-content\/uploads\/2019\/02\/cablage-1-1024x768.jpg\" alt=\"https:\/\/www.logicall.fr\/wp-content\/uploads\/2019\/02\/cablage-1-1024x768.jpg\" width=\"320\" height=\"240\" \/><img decoding=\"async\" class=\"bg-token-main-surface-tertiary absolute inset-0 m-0 h-full w-full object-cover\" style=\"font-style: inherit;\" src=\"https:\/\/www.hoyez.com\/wp-content\/uploads\/2021\/07\/access-control-card-reader.jpg\" alt=\"https:\/\/www.hoyez.com\/wp-content\/uploads\/2021\/07\/access-control-card-reader.jpg\" width=\"360\" height=\"240\" \/><\/div><\/div><div class=\"border-token-border-default relative w-32 shrink-0 overflow-hidden rounded-xl border-[0.5px] md:shrink max-h-64 sm:w-[calc((100%-0.5rem)\/3)] rounded-e-xl\"><div class=\"pointer-events-none absolute end-2 bottom-2\"><div class=\"flex items-center gap-1 rounded-full px-2 py-1.5 text-white backdrop-blur-md backdrop-brightness-75\"><span class=\"text-xs font-semibold\">4<\/span><\/div><\/div><\/div><\/div><h3 data-start=\"281\" data-end=\"335\">Votre expert en solutions connect\u00e9es depuis 2018<\/h3><p data-start=\"336\" data-end=\"671\">Cr\u00e9\u00e9e en <strong data-start=\"345\" data-end=\"353\">2018<\/strong>, <strong data-start=\"355\" data-end=\"375\">ConceptDomotique<\/strong> accompagne les particuliers et les professionnels dans la mise en place de solutions technologiques innovantes pour les b\u00e2timents intelligents.<br data-start=\"519\" data-end=\"522\" \/>Notre mission : am\u00e9liorer le <strong data-start=\"551\" data-end=\"562\">confort<\/strong>, la <strong data-start=\"567\" data-end=\"579\">s\u00e9curit\u00e9<\/strong> et la <strong data-start=\"586\" data-end=\"602\">connectivit\u00e9<\/strong> gr\u00e2ce \u00e0 des installations fiables, \u00e9volutives et simples \u00e0 utiliser.<\/p><hr data-start=\"673\" data-end=\"676\" \/><h2 data-start=\"678\" data-end=\"695\">Nos expertises<\/h2><h3 data-start=\"697\" data-end=\"740\">\ud83d\udd0c Domotique &amp; b\u00e2timents intelligents<\/h3><p data-start=\"741\" data-end=\"911\">Nous concevons et installons des syst\u00e8mes de <strong data-start=\"786\" data-end=\"810\">domotique sur mesure<\/strong> permettant de centraliser et piloter l\u2019ensemble de votre habitat ou de vos locaux professionnels :<\/p><ul data-start=\"912\" data-end=\"1056\"><li data-start=\"912\" data-end=\"966\"><p data-start=\"914\" data-end=\"966\">Gestion de l\u2019\u00e9clairage, du chauffage et des volets<\/p><\/li><li data-start=\"967\" data-end=\"1014\"><p data-start=\"969\" data-end=\"1014\">Optimisation de la consommation \u00e9nerg\u00e9tique<\/p><\/li><li data-start=\"1015\" data-end=\"1056\"><p data-start=\"1017\" data-end=\"1056\">Automatisation et contr\u00f4le \u00e0 distance<\/p><\/li><\/ul><h3 data-start=\"1058\" data-end=\"1094\">\ud83d\udd10 Contr\u00f4le d\u2019acc\u00e8s &amp; s\u00e9curit\u00e9<\/h3><p data-start=\"1095\" data-end=\"1180\">Pour s\u00e9curiser vos espaces, nous proposons des solutions adapt\u00e9es \u00e0 chaque besoin :<\/p><ul data-start=\"1181\" data-end=\"1347\"><li data-start=\"1181\" data-end=\"1242\"><p data-start=\"1183\" data-end=\"1242\">Syst\u00e8mes de badges, digicodes, interphones et visiophones<\/p><\/li><li data-start=\"1243\" data-end=\"1277\"><p data-start=\"1245\" data-end=\"1277\">Gestion intelligente des acc\u00e8s<\/p><\/li><li data-start=\"1278\" data-end=\"1347\"><p data-start=\"1280\" data-end=\"1347\">Solutions fiables pour logements, bureaux et sites professionnels<\/p><\/li><\/ul><h3 data-start=\"1349\" data-end=\"1404\">\ud83c\udf10 C\u00e2blage r\u00e9seau &amp; infrastructures informatiques<\/h3><p data-start=\"1405\" data-end=\"1516\">Nous r\u00e9alisons des installations de <strong data-start=\"1441\" data-end=\"1474\">c\u00e2blage r\u00e9seau courant faible<\/strong> garantissant performance et stabilit\u00e9 :<\/p><ul data-start=\"1517\" data-end=\"1655\"><li data-start=\"1517\" data-end=\"1554\"><p data-start=\"1519\" data-end=\"1554\">R\u00e9seaux Ethernet et informatiques<\/p><\/li><li data-start=\"1555\" data-end=\"1576\"><p data-start=\"1557\" data-end=\"1576\">Baies de brassage<\/p><\/li><li data-start=\"1577\" data-end=\"1655\"><p data-start=\"1579\" data-end=\"1655\">Infrastructures adapt\u00e9es aux environnements r\u00e9sidentiels et professionnels<\/p><\/li><\/ul><hr data-start=\"1657\" data-end=\"1660\" \/><h2 data-start=\"1662\" data-end=\"1702\">Pourquoi choisir ConceptDomotique ?<\/h2><ul data-start=\"1703\" data-end=\"1957\"><li data-start=\"1703\" data-end=\"1764\"><p data-start=\"1705\" data-end=\"1764\"><strong data-start=\"1705\" data-end=\"1728\">Expertise technique<\/strong> et veille technologique constante<\/p><\/li><li data-start=\"1765\" data-end=\"1832\"><p data-start=\"1767\" data-end=\"1832\"><strong data-start=\"1767\" data-end=\"1798\">Accompagnement personnalis\u00e9<\/strong> de l\u2019\u00e9tude \u00e0 la mise en service<\/p><\/li><li data-start=\"1833\" data-end=\"1886\"><p data-start=\"1835\" data-end=\"1886\"><strong data-start=\"1835\" data-end=\"1873\">Installations conformes aux normes<\/strong> en vigueur<\/p><\/li><li data-start=\"1887\" data-end=\"1957\"><p data-start=\"1889\" data-end=\"1957\"><strong data-start=\"1889\" data-end=\"1913\">Solutions \u00e9volutives<\/strong> adapt\u00e9es \u00e0 vos besoins pr\u00e9sents et futurs<\/p><\/li><\/ul><hr data-start=\"1959\" data-end=\"1962\" \/><h2 data-start=\"1964\" data-end=\"1980\">Nos clients<\/h2><p data-start=\"1981\" data-end=\"2011\">Nous intervenons aupr\u00e8s de :<\/p><ul data-start=\"2012\" data-end=\"2094\"><li data-start=\"2012\" data-end=\"2028\"><p data-start=\"2014\" data-end=\"2028\">Particuliers<\/p><\/li><li data-start=\"2029\" data-end=\"2044\"><p data-start=\"2031\" data-end=\"2044\">Entreprises<\/p><\/li><li data-start=\"2045\" data-end=\"2058\"><p data-start=\"2047\" data-end=\"2058\">Commerces<\/p><\/li><li data-start=\"2059\" data-end=\"2094\"><p data-start=\"2061\" data-end=\"2094\">Bureaux et b\u00e2timents tertiaires<\/p><\/li><\/ul><hr data-start=\"2096\" data-end=\"2099\" \/><h3 data-start=\"2101\" data-end=\"2129\">Un projet ? Parlons-en<\/h3><p data-start=\"2130\" data-end=\"2342\">Vous souhaitez moderniser votre habitat, s\u00e9curiser vos locaux ou am\u00e9liorer votre infrastructure r\u00e9seau ?<br data-start=\"2234\" data-end=\"2237\" \/><strong data-start=\"2237\" data-end=\"2257\">ConceptDomotique<\/strong> vous accompagne dans la r\u00e9alisation de solutions connect\u00e9es fiables et performantes.<\/p><p data-start=\"2344\" data-end=\"2393\"><a href=\"https:\/\/conceptdomotique.be\/index.php\/contact\/\">\ud83d\udce9 <\/a><em data-start=\"2347\" data-end=\"2393\"><a href=\"_wp_link_placeholder\">Contactez-nous<\/a> pour une \u00e9tude personnalis\u00e9e.<\/em><\/p>\t\t\t\t\t\t\t\t<\/div>\n\t\t\t\t\t<\/div>\n\t\t\t\t<\/div>\n\t\t\t\t<\/div>\n\t\t","protected":false},"excerpt":{"rendered":"<p>\u00c0 propos de ConceptDomotique 4 Votre expert en solutions connect\u00e9es depuis 2018 Cr\u00e9\u00e9e en 2018, ConceptDomotique accompagne les particuliers et [&hellip;]<\/p>\n","protected":false},"author":1,"featured_media":0,"parent":0,"menu_order":0,"comment_status":"closed","ping_status":"closed","template":"","meta":{"_seopress_robots_primary_cat":"","_seopress_titles_title":"","_seopress_titles_desc":"","_seopress_robots_index":"","site-sidebar-layout":"no-sidebar","site-content-layout":"","ast-site-content-layout":"full-width-container","site-content-style":"default","site-sidebar-style":"default","ast-global-header-display":"","ast-banner-title-visibility":"","ast-main-header-display":"","ast-hfb-above-header-display":"","ast-hfb-below-header-display":"","ast-hfb-mobile-header-display":"","site-post-title":"","ast-breadcrumbs-content":"","ast-featured-img":"disabled","footer-sml-layout":"","ast-disable-related-posts":"","theme-transparent-header-meta":"","adv-header-id-meta":"","stick-header-meta":"","header-above-stick-meta":"","header-main-stick-meta":"","header-below-stick-meta":"","astra-migrate-meta-layouts":"default","ast-page-background-enabled":"default","ast-page-background-meta":{"desktop":{"background-color":"var(--ast-global-color-5)","background-image":"","background-repeat":"repeat","background-position":"center center","background-size":"auto","background-attachment":"scroll","background-type":"","background-media":"","overlay-type":"","overlay-color":"","overlay-opacity":"","overlay-gradient":""},"tablet":{"background-color":"","background-image":"","background-repeat":"repeat","background-position":"center center","background-size":"auto","background-attachment":"scroll","background-type":"","background-media":"","overlay-type":"","overlay-color":"","overlay-opacity":"","overlay-gradient":""},"mobile":{"background-color":"","background-image":"","background-repeat":"repeat","background-position":"center center","background-size":"auto","background-attachment":"scroll","background-type":"","background-media":"","overlay-type":"","overlay-color":"","overlay-opacity":"","overlay-gradient":""}},"ast-content-background-meta":{"desktop":{"background-color":"var(--ast-global-color-4)","background-image":"","background-repeat":"repeat","background-position":"center center","background-size":"auto","background-attachment":"scroll","background-type":"","background-media":"","overlay-type":"","overlay-color":"","overlay-opacity":"","overlay-gradient":""},"tablet":{"background-color":"var(--ast-global-color-4)","background-image":"","background-repeat":"repeat","background-position":"center center","background-size":"auto","background-attachment":"scroll","background-type":"","background-media":"","overlay-type":"","overlay-color":"","overlay-opacity":"","overlay-gradient":""},"mobile":{"background-color":"var(--ast-global-color-4)","background-image":"","background-repeat":"repeat","background-position":"center center","background-size":"auto","background-attachment":"scroll","background-type":"","background-media":"","overlay-type":"","overlay-color":"","overlay-opacity":"","overlay-gradient":""}},"footnotes":""},"class_list":["post-267","page","type-page","status-publish","hentry"],"_links":{"self":[{"href":"https:\/\/conceptdomotique.be\/index.php\/wp-json\/wp\/v2\/pages\/267","targetHints":{"allow":["GET"]}}],"collection":[{"href":"https:\/\/conceptdomotique.be\/index.php\/wp-json\/wp\/v2\/pages"}],"about":[{"href":"https:\/\/conceptdomotique.be\/index.php\/wp-json\/wp\/v2\/types\/page"}],"author":[{"embeddable":true,"href":"https:\/\/conceptdomotique.be\/index.php\/wp-json\/wp\/v2\/users\/1"}],"replies":[{"embeddable":true,"href":"https:\/\/conceptdomotique.be\/index.php\/wp-json\/wp\/v2\/comments?post=267"}],"version-history":[{"count":4,"href":"https:\/\/conceptdomotique.be\/index.php\/wp-json\/wp\/v2\/pages\/267\/revisions"}],"predecessor-version":[{"id":272,"href":"https:\/\/conceptdomotique.be\/index.php\/wp-json\/wp\/v2\/pages\/267\/revisions\/272"}],"wp:attachment":[{"href":"https:\/\/conceptdomotique.be\/index.php\/wp-json\/wp\/v2\/media?parent=267"}],"curies":[{"name":"wp","href":"https:\/\/api.w.org\/{rel}","templated":true}]}}