{"id":25,"date":"2026-01-01T15:51:06","date_gmt":"2026-01-01T14:51:06","guid":{"rendered":"https:\/\/conceptdomotique.be\/?page_id=25"},"modified":"2026-01-04T14:42:28","modified_gmt":"2026-01-04T13:42:28","slug":"accueil","status":"publish","type":"page","link":"https:\/\/conceptdomotique.be\/","title":{"rendered":"Accueil"},"content":{"rendered":"\t\t<div data-elementor-type=\"wp-page\" data-elementor-id=\"25\" class=\"elementor elementor-25\" data-elementor-post-type=\"page\">\n\t\t\t\t<div class=\"elementor-element elementor-element-ef9105b e-flex e-con-boxed e-con e-parent\" data-id=\"ef9105b\" data-element_type=\"container\" data-e-type=\"container\">\n\t\t\t\t\t<div class=\"e-con-inner\">\n\t\t\t\t<div class=\"elementor-element elementor-element-caaa49a elementor-widget__width-inherit elementor-arrows-position-inside elementor-pagination-position-outside elementor-widget elementor-widget-image-carousel\" data-id=\"caaa49a\" data-element_type=\"widget\" data-e-type=\"widget\" data-settings=\"{&quot;autoplay_speed&quot;:3000,&quot;navigation&quot;:&quot;both&quot;,&quot;autoplay&quot;:&quot;yes&quot;,&quot;pause_on_hover&quot;:&quot;yes&quot;,&quot;pause_on_interaction&quot;:&quot;yes&quot;,&quot;infinite&quot;:&quot;yes&quot;,&quot;speed&quot;:500}\" data-widget_type=\"image-carousel.default\">\n\t\t\t\t\t\t\t<div class=\"elementor-image-carousel-wrapper swiper\" role=\"region\" aria-roledescription=\"carousel\" aria-label=\"Carrousel d\u2019images\" dir=\"ltr\">\n\t\t\t<div class=\"elementor-image-carousel swiper-wrapper\" aria-live=\"off\">\n\t\t\t\t\t\t\t\t<div class=\"swiper-slide\" role=\"group\" aria-roledescription=\"slide\" aria-label=\"1 of 7\"><figure class=\"swiper-slide-inner\"><img decoding=\"async\" class=\"swiper-slide-image\" src=\"https:\/\/conceptdomotique.be\/wp-content\/uploads\/2026\/01\/cdvilogo1.webp\" alt=\"cdvilogo1\" \/><\/figure><\/div><div class=\"swiper-slide\" role=\"group\" aria-roledescription=\"slide\" aria-label=\"2 of 7\"><figure class=\"swiper-slide-inner\"><img decoding=\"async\" class=\"swiper-slide-image\" src=\"https:\/\/conceptdomotique.be\/wp-content\/uploads\/2026\/01\/gira-260x68-1.webp\" alt=\"gira-260x68\" \/><\/figure><\/div><div class=\"swiper-slide\" role=\"group\" aria-roledescription=\"slide\" aria-label=\"3 of 7\"><figure class=\"swiper-slide-inner\"><img decoding=\"async\" class=\"swiper-slide-image\" src=\"https:\/\/conceptdomotique.be\/wp-content\/uploads\/2026\/01\/COMELIT-HIGH-sans-fond-260x59-1.webp\" alt=\"COMELIT-HIGH-sans-fond-260x59\" \/><\/figure><\/div><div class=\"swiper-slide\" role=\"group\" aria-roledescription=\"slide\" aria-label=\"4 of 7\"><figure class=\"swiper-slide-inner\"><img decoding=\"async\" class=\"swiper-slide-image\" src=\"https:\/\/conceptdomotique.be\/wp-content\/uploads\/2026\/01\/legrand_logo-260x69-1.webp\" alt=\"legrand_logo-260x69\" \/><\/figure><\/div><div class=\"swiper-slide\" role=\"group\" aria-roledescription=\"slide\" aria-label=\"5 of 7\"><figure class=\"swiper-slide-inner\"><img decoding=\"async\" class=\"swiper-slide-image\" src=\"https:\/\/conceptdomotique.be\/wp-content\/uploads\/2026\/01\/biticino_logo.webp\" alt=\"biticino_logo\" \/><\/figure><\/div><div class=\"swiper-slide\" role=\"group\" aria-roledescription=\"slide\" aria-label=\"6 of 7\"><figure class=\"swiper-slide-inner\"><img decoding=\"async\" class=\"swiper-slide-image\" src=\"https:\/\/conceptdomotique.be\/wp-content\/uploads\/2026\/01\/Schneider_Electric.svg_-1024x308-1-768x231.webp\" alt=\"Schneider_Electric.svg_-1024x308\" \/><\/figure><\/div><div class=\"swiper-slide\" role=\"group\" aria-roledescription=\"slide\" aria-label=\"7 of 7\"><figure class=\"swiper-slide-inner\"><img decoding=\"async\" class=\"swiper-slide-image\" src=\"https:\/\/conceptdomotique.be\/wp-content\/uploads\/2026\/01\/KNX_PARTNER_RGB1.png\" alt=\"KNX_PARTNER_RGB1\" \/><\/figure><\/div>\t\t\t<\/div>\n\t\t\t\t\t\t\t\t\t\t\t\t<div class=\"elementor-swiper-button elementor-swiper-button-prev\" role=\"button\" tabindex=\"0\">\n\t\t\t\t\t\t<svg aria-hidden=\"true\" class=\"e-font-icon-svg e-eicon-chevron-left\" viewBox=\"0 0 1000 1000\" xmlns=\"http:\/\/www.w3.org\/2000\/svg\"><path d=\"M646 125C629 125 613 133 604 142L308 442C296 454 292 471 292 487 292 504 296 521 308 533L604 854C617 867 629 875 646 875 663 875 679 871 692 858 704 846 713 829 713 812 713 796 708 779 692 767L438 487 692 225C700 217 708 204 708 187 708 171 704 154 692 142 675 129 663 125 646 125Z\"><\/path><\/svg>\t\t\t\t\t<\/div>\n\t\t\t\t\t<div class=\"elementor-swiper-button elementor-swiper-button-next\" role=\"button\" tabindex=\"0\">\n\t\t\t\t\t\t<svg aria-hidden=\"true\" class=\"e-font-icon-svg e-eicon-chevron-right\" viewBox=\"0 0 1000 1000\" xmlns=\"http:\/\/www.w3.org\/2000\/svg\"><path d=\"M696 533C708 521 713 504 713 487 713 471 708 454 696 446L400 146C388 133 375 125 354 125 338 125 325 129 313 142 300 154 292 171 292 187 292 204 296 221 308 233L563 492 304 771C292 783 288 800 288 817 288 833 296 850 308 863 321 871 338 875 354 875 371 875 388 867 400 854L696 533Z\"><\/path><\/svg>\t\t\t\t\t<\/div>\n\t\t\t\t\n\t\t\t\t\t\t\t\t\t<div class=\"swiper-pagination\"><\/div>\n\t\t\t\t\t\t\t\t\t<\/div>\n\t\t\t\t\t\t<\/div>\n\t\t\t\t\t<\/div>\n\t\t\t\t<\/div>\n\t\t<div class=\"elementor-element elementor-element-185da46 e-flex e-con-boxed e-con e-parent\" data-id=\"185da46\" data-element_type=\"container\" data-e-type=\"container\">\n\t\t\t\t\t<div class=\"e-con-inner\">\n\t\t\t\t<div class=\"elementor-element elementor-element-170f631 elementor-widget elementor-widget-text-editor\" data-id=\"170f631\" data-element_type=\"widget\" data-e-type=\"widget\" data-widget_type=\"text-editor.default\">\n\t\t\t\t\t\t\t\t\t<h3 data-start=\"158\" data-end=\"207\">Domotique \u2022 Contr\u00f4le d\u2019acc\u00e8s \u2022 C\u00e2blage r\u00e9seau<\/h3><div class=\"no-scrollbar flex min-h-36 flex-nowrap gap-0.5 overflow-auto sm:gap-1 sm:overflow-hidden xl:min-h-44 mt-1 mb-5 [&amp;:not(:first-child)]:mt-4\"><div class=\"border-token-border-default relative w-32 shrink-0 overflow-hidden rounded-xl border-[0.5px] md:shrink max-h-64 sm:w-[calc((100%-0.5rem)\/3)] rounded-s-xl\"><div><img fetchpriority=\"high\" decoding=\"async\" class=\"bg-token-main-surface-tertiary absolute inset-0 m-0 h-full w-full object-cover\" src=\"https:\/\/www.depreux-construction.com\/wp-content\/uploads\/2019\/10\/construction-maison-domotique-1024x612.jpg\" alt=\"https:\/\/www.depreux-construction.com\/wp-content\/uploads\/2019\/10\/construction-maison-domotique-1024x612.jpg\" width=\"423\" height=\"253\" \/><img decoding=\"async\" class=\"bg-token-main-surface-tertiary absolute inset-0 m-0 h-full w-full object-cover\" style=\"font-style: inherit;\" src=\"https:\/\/www.ericboisseau.com\/wp-content\/uploads\/2010\/09\/principereseaumultimediarj45maisoncourantfaible2.png\" alt=\"https:\/\/www.ericboisseau.com\/wp-content\/uploads\/2010\/09\/principereseaumultimediarj45maisoncourantfaible2.png\" width=\"377\" height=\"266\" \/><img decoding=\"async\" class=\"h-full max-w-full object-contain\" src=\"https:\/\/www.cdvi.fr\/wp-content\/uploads\/sites\/7\/2023\/09\/badgeISO.jpg\" alt=\"How does access control using badges works? - CDVI France\" width=\"338\" height=\"225\" \/><\/div><\/div><div class=\"border-token-border-default relative w-32 shrink-0 overflow-hidden rounded-xl border-[0.5px] md:shrink max-h-64 sm:w-[calc((100%-0.5rem)\/3)] rounded-e-xl\"><div class=\"pointer-events-none absolute end-2 bottom-2\"><div class=\"flex items-center gap-1 rounded-full px-2 py-1.5 text-white backdrop-blur-md backdrop-brightness-75\">\u00a0<\/div><\/div><\/div><\/div><h3 data-start=\"251\" data-end=\"313\">Des solutions connect\u00e9es pour des b\u00e2timents intelligents<\/h3><p data-start=\"314\" data-end=\"521\">Depuis <strong data-start=\"321\" data-end=\"329\">2018<\/strong>, <strong data-start=\"331\" data-end=\"351\">ConceptDomotique<\/strong> accompagne les particuliers et les professionnels dans l\u2019installation de solutions <strong data-start=\"435\" data-end=\"449\">domotiques<\/strong>, de <strong data-start=\"454\" data-end=\"466\">s\u00e9curit\u00e9<\/strong> et de <strong data-start=\"473\" data-end=\"498\">r\u00e9seaux informatiques<\/strong> fiables et \u00e9volutives.<\/p><p data-start=\"523\" data-end=\"624\">Confort, s\u00e9curit\u00e9 et connectivit\u00e9 r\u00e9unis dans un seul syst\u00e8me, pens\u00e9 pour simplifier votre quotidien.<\/p><hr data-start=\"626\" data-end=\"629\" \/><h3 data-start=\"631\" data-end=\"647\">Nos services<\/h3><ul data-start=\"648\" data-end=\"861\"><li data-start=\"648\" data-end=\"722\"><p data-start=\"650\" data-end=\"722\"><strong data-start=\"650\" data-end=\"663\">Domotique<\/strong> : pilotage intelligent de votre habitat ou de vos locaux<\/p><\/li><li data-start=\"723\" data-end=\"795\"><p data-start=\"725\" data-end=\"795\"><strong data-start=\"725\" data-end=\"745\">Contr\u00f4le d\u2019acc\u00e8s<\/strong> : s\u00e9curisation des acc\u00e8s par solutions modernes<\/p><\/li><li data-start=\"796\" data-end=\"861\"><p data-start=\"798\" data-end=\"861\"><strong data-start=\"798\" data-end=\"816\">C\u00e2blage r\u00e9seau<\/strong> : infrastructures performantes et durables<\/p><\/li><\/ul><hr data-start=\"863\" data-end=\"866\" \/><h3 data-start=\"868\" data-end=\"895\">Pourquoi nous choisir ?<\/h3><ul data-start=\"896\" data-end=\"1035\"><li data-start=\"896\" data-end=\"929\"><p data-start=\"898\" data-end=\"929\">Expertise technique certifi\u00e9e<\/p><\/li><li data-start=\"930\" data-end=\"968\"><p data-start=\"932\" data-end=\"968\">Solutions sur mesure et \u00e9volutives<\/p><\/li><li data-start=\"969\" data-end=\"996\"><p data-start=\"971\" data-end=\"996\">Accompagnement de A \u00e0 Z<\/p><\/li><li data-start=\"997\" data-end=\"1035\"><p data-start=\"999\" data-end=\"1035\">Installations conformes aux normes<\/p><\/li><\/ul><hr data-start=\"1037\" data-end=\"1040\" \/><h3 data-start=\"1042\" data-end=\"1067\">Un projet en t\u00eate ?<\/h3><p data-start=\"1068\" data-end=\"1163\"><a href=\"https:\/\/conceptdomotique.be\/index.php\/contact\/\">\ud83d\udce9 <strong data-start=\"1071\" data-end=\"1101\">Contactez ConceptDomotique <\/strong><\/a>pour une \u00e9tude personnalis\u00e9e et un accompagnement sur mesure.<\/p>\t\t\t\t\t\t\t\t<\/div>\n\t\t\t\t\t<\/div>\n\t\t\t\t<\/div>\n\t\t\t\t<\/div>\n\t\t","protected":false},"excerpt":{"rendered":"<p>Domotique \u2022 Contr\u00f4le d\u2019acc\u00e8s \u2022 C\u00e2blage r\u00e9seau \u00a0 Des solutions connect\u00e9es pour des b\u00e2timents intelligents Depuis 2018, ConceptDomotique accompagne les [&hellip;]<\/p>\n","protected":false},"author":1,"featured_media":0,"parent":0,"menu_order":0,"comment_status":"closed","ping_status":"closed","template":"","meta":{"_seopress_robots_primary_cat":"","_seopress_titles_title":"","_seopress_titles_desc":"","_seopress_robots_index":"","site-sidebar-layout":"no-sidebar","site-content-layout":"","ast-site-content-layout":"full-width-container","site-content-style":"default","site-sidebar-style":"default","ast-global-header-display":"","ast-banner-title-visibility":"","ast-main-header-display":"","ast-hfb-above-header-display":"","ast-hfb-below-header-display":"","ast-hfb-mobile-header-display":"","site-post-title":"","ast-breadcrumbs-content":"","ast-featured-img":"disabled","footer-sml-layout":"","ast-disable-related-posts":"","theme-transparent-header-meta":"","adv-header-id-meta":"","stick-header-meta":"","header-above-stick-meta":"","header-main-stick-meta":"","header-below-stick-meta":"","astra-migrate-meta-layouts":"default","ast-page-background-enabled":"default","ast-page-background-meta":{"desktop":{"background-color":"var(--ast-global-color-5)","background-image":"","background-repeat":"repeat","background-position":"center center","background-size":"auto","background-attachment":"scroll","background-type":"","background-media":"","overlay-type":"","overlay-color":"","overlay-opacity":"","overlay-gradient":""},"tablet":{"background-color":"","background-image":"","background-repeat":"repeat","background-position":"center center","background-size":"auto","background-attachment":"scroll","background-type":"","background-media":"","overlay-type":"","overlay-color":"","overlay-opacity":"","overlay-gradient":""},"mobile":{"background-color":"","background-image":"","background-repeat":"repeat","background-position":"center center","background-size":"auto","background-attachment":"scroll","background-type":"","background-media":"","overlay-type":"","overlay-color":"","overlay-opacity":"","overlay-gradient":""}},"ast-content-background-meta":{"desktop":{"background-color":"var(--ast-global-color-4)","background-image":"","background-repeat":"repeat","background-position":"center center","background-size":"auto","background-attachment":"scroll","background-type":"","background-media":"","overlay-type":"","overlay-color":"","overlay-opacity":"","overlay-gradient":""},"tablet":{"background-color":"var(--ast-global-color-4)","background-image":"","background-repeat":"repeat","background-position":"center center","background-size":"auto","background-attachment":"scroll","background-type":"","background-media":"","overlay-type":"","overlay-color":"","overlay-opacity":"","overlay-gradient":""},"mobile":{"background-color":"var(--ast-global-color-4)","background-image":"","background-repeat":"repeat","background-position":"center center","background-size":"auto","background-attachment":"scroll","background-type":"","background-media":"","overlay-type":"","overlay-color":"","overlay-opacity":"","overlay-gradient":""}},"footnotes":""},"class_list":["post-25","page","type-page","status-publish","hentry"],"_links":{"self":[{"href":"https:\/\/conceptdomotique.be\/index.php\/wp-json\/wp\/v2\/pages\/25","targetHints":{"allow":["GET"]}}],"collection":[{"href":"https:\/\/conceptdomotique.be\/index.php\/wp-json\/wp\/v2\/pages"}],"about":[{"href":"https:\/\/conceptdomotique.be\/index.php\/wp-json\/wp\/v2\/types\/page"}],"author":[{"embeddable":true,"href":"https:\/\/conceptdomotique.be\/index.php\/wp-json\/wp\/v2\/users\/1"}],"replies":[{"embeddable":true,"href":"https:\/\/conceptdomotique.be\/index.php\/wp-json\/wp\/v2\/comments?post=25"}],"version-history":[{"count":38,"href":"https:\/\/conceptdomotique.be\/index.php\/wp-json\/wp\/v2\/pages\/25\/revisions"}],"predecessor-version":[{"id":266,"href":"https:\/\/conceptdomotique.be\/index.php\/wp-json\/wp\/v2\/pages\/25\/revisions\/266"}],"wp:attachment":[{"href":"https:\/\/conceptdomotique.be\/index.php\/wp-json\/wp\/v2\/media?parent=25"}],"curies":[{"name":"wp","href":"https:\/\/api.w.org\/{rel}","templated":true}]}}